{"id":84,"date":"2019-01-14T09:46:50","date_gmt":"2019-01-14T08:46:50","guid":{"rendered":"http:\/\/die-benserobber.de.w018fe11.kasserver.com\/?page_id=84"},"modified":"2019-01-16T15:45:24","modified_gmt":"2019-01-16T14:45:24","slug":"satzung","status":"publish","type":"page","link":"https:\/\/die-benserobber.de\/index.php\/satzung\/","title":{"rendered":"Satzung"},"content":{"rendered":"<div class=\"fusion-fullwidth fullwidth-box fusion-builder-row-1 nonhundred-percent-fullwidth non-hundred-percent-height-scrolling\" style=\"background-color: rgba(255,255,255,0);background-position: center center;background-repeat: no-repeat;padding-top:0px;padding-right:0px;padding-bottom:0px;padding-left:0px;margin-bottom: 0px;margin-top: 0px;border-width: 0px 0px 0px 0px;border-color:#eae9e9;border-style:solid;\" ><div class=\"fusion-builder-row fusion-row\"><div class=\"fusion-layout-column fusion_builder_column fusion-builder-column-0 fusion_builder_column_1_1 1_1 fusion-one-full fusion-column-first fusion-column-last\" style=\"margin-top:0px;margin-bottom:20px;\"><div class=\"fusion-column-wrapper fusion-flex-column-wrapper-legacy\" style=\"background-position:left top;background-repeat:no-repeat;-webkit-background-size:cover;-moz-background-size:cover;-o-background-size:cover;background-size:cover;padding: 0px 0px 0px 0px;\"><div class=\"fusion-text fusion-text-1\"><div class=\"title\">\n<h4>Satzung<\/h4>\n<\/div>\n<div class=\"sub-title\"><\/div>\n<div class=\"sub-title\"><strong>Satzung des Karnevalvereins H\u00f6rdt &#8222;Die Benserobber&#8220;<\/strong><\/div>\n<div class=\"sub-title\"><\/div>\n<div class=\"sub-title\">Inhaltsverzeichnis<\/div>\n<ul>\n<li style=\"list-style-type: none;\">\n<ul>\n<li><a href=\"http:\/\/kvh-benserobber.de\/der-verein\/satzung\/#p1\">\u00a7 1 Name, Sitz und Zweck<\/a><\/li>\n<li><a href=\"http:\/\/kvh-benserobber.de\/der-verein\/satzung\/#p2\">\u00a7 2 Mitglieder <\/a><\/li>\n<li><a href=\"http:\/\/kvh-benserobber.de\/der-verein\/satzung\/#p3\">\u00a7 3 Rechte der Mitglieder<\/a><\/li>\n<li><a href=\"http:\/\/kvh-benserobber.de\/der-verein\/satzung\/#p4\">\u00a7 4 Pflichten der Mitglieder <\/a><\/li>\n<li><a href=\"http:\/\/kvh-benserobber.de\/der-verein\/satzung\/#p5\">\u00a7 5 Organe <\/a><\/li>\n<li><a href=\"http:\/\/kvh-benserobber.de\/der-verein\/satzung\/#p6\">\u00a7 6 Mitgliederversammlung\/ Generalversaminlung <\/a><\/li>\n<li><a href=\"http:\/\/kvh-benserobber.de\/der-verein\/satzung\/#p7\">\u00a7 7 Vorstand <\/a><\/li>\n<li><a href=\"http:\/\/kvh-benserobber.de\/der-verein\/satzung\/#p8\">\u00a7 8 Aussch\u00fcsse <\/a><\/li>\n<li><a href=\"http:\/\/kvh-benserobber.de\/der-verein\/satzung\/#p9\">\u00a7 9 Befugnisse des Vorstandes <\/a><\/li>\n<li><a href=\"http:\/\/kvh-benserobber.de\/der-verein\/satzung\/#p10\">\u00a710 Ausr\u00fcstungsteile, Kost\u00fcme, Uniformen und M\u00fctzen <\/a><\/li>\n<li><a href=\"http:\/\/kvh-benserobber.de\/der-verein\/satzung\/#p11\">\u00a711 Zuwendungen an Mitglieder <\/a><\/li>\n<li><a href=\"http:\/\/kvh-benserobber.de\/der-verein\/satzung\/#p12\">\u00a712 Kassenpr\u00fcfer <\/a><\/li>\n<li><a href=\"http:\/\/kvh-benserobber.de\/der-verein\/satzung\/#p13\">\u00a713 Schlussbestimmungen <\/a><\/li>\n<li><a href=\"http:\/\/kvh-benserobber.de\/der-verein\/satzung\/#p14\">\u00a714 Gerichtsstand<\/a>\n<div class=\"sub-title\"><\/div>\n<\/li>\n<\/ul>\n<\/li>\n<\/ul>\n<div class=\"sub-title\"><strong>\u00a7 1 Name, Sitz und Zweck<\/strong><\/div>\n<ol>\n<li>Der Verein f\u00fchrt den Namen Karnevalverein H\u00f6rdt \u201cDie Benserobber\u201c; gegr\u00fcndet am 5. Oktober 1995. Der Verein soll in das Vereinsregister beim Amtsgericht Landau i. d. Pfalz eingetragen werden. Nach der Eintragung f\u00fchrt er den Zusatz \u201ce.V.\u201c.<\/li>\n<li>Der Sitz des Vereins ist H\u00f6rdt. Das Gesch\u00e4ftsjahr f\u00e4llt zeitlich mit dem Kalenderjahr zusammen.<\/li>\n<li>Der Verein verfolgt unmittelbar und ausschlie\u00dflich den Zweck:<br \/>\n3.1 Pflege und F\u00f6rderung des heimatlichen Karnevalbrauchtums;<br \/>\n3.2\u00a0F\u00f6rderung und Durchf\u00fchrung von Karnevalsveranstaltungen und &#8211; umz\u00fcgen;<br \/>\n3.3\u00a0F\u00f6rderung und Unterst\u00fctzung der karnevalistischen Heimat- und Brauchtumspflege im Heimatgebiet;<br \/>\n3.4\u00a0Kontaktpflege zu in- und ausl\u00e4ndischen karnevalistischen und kulturtreibenden Gesellschaften, Vereinen und Organisationen;<br \/>\n3.5 F\u00f6rderung, Unterst\u00fctzung und Unterhaltung von selbstst\u00e4ndigen Jugendgruppen (Garden) im Rahmen der unter Ziff. 3.1) bis 3.5) aufgef\u00fchrten Zweckbestimmung.<\/li>\n<li>Der Verein verfolgt ausschlie\u00dflich und unmittelbar gemeinn\u00fctzige Zwecke im Sinne des Abschnitts \u201eSteuerbeg\u00fcnstigte Zwecke\u201c der Abgabenordnung.<\/li>\n<li>Der Verein ist politisch und konfessionell neutral.<\/li>\n<\/ol>\n<p><a id=\"p2\"><\/a><\/p>\n<div class=\"sub-title\"><\/div>\n<div class=\"sub-title\"><\/div>\n<div class=\"sub-title\"><strong>\u00a7 2 Mitglieder<\/strong><\/div>\n<ol>\n<li>Die Mitgliedschaft kann jede unbescholtene Person erwerben. Jugendliche unter 18 Jahren bed\u00fcrfen der schriftlichen Genehmigung des gesetzlichen Vertreters.<\/li>\n<li>Antr\u00e4ge auf Aufnahme in den Verein sind schriftlich an den Vorstand zu richten, der \u00fcber die Aufnahme durch Mehrheitsbeschluss entscheidet.<\/li>\n<li>Personen und Mitglieder, die sich um den Verein oder das karnevalistische Brauchtum besondere Verdienste erworben haben, k\u00f6nnen auf Vorschlag des Vorstandes zu Ehren- mitgliedern, Ehrensenatoren, Botschaftern oder Ehrenministern ernannt werden. \u00dcber die Ernennung wird im Vorstand durch Mehrheitsbeschluss entschieden.<\/li>\n<li>Mitglieder k\u00f6nnen auf Vorschlag des Vorstandes von der Beitragspflicht befreit werden.<\/li>\n<\/ol>\n<p><a id=\"p3\"><\/a><\/p>\n<div class=\"sub-title\"><\/div>\n<div class=\"sub-title\"><\/div>\n<div class=\"sub-title\"><strong>\u00a7 3 Rechte der Mitglieder<\/strong><\/div>\n<ol>\n<li>Den Mitgliedern steht das Recht zur Teilnahme an allen Veranstaltungen des Vereins zu. Sie k\u00f6nnen die unter \u00a7 6 festgelegten Rechte aus\u00fcben, Antr\u00e4ge und Anfragen stellen sowie W\u00fcnsche und Anregungen vortragen.<\/li>\n<li>Den jugendlichen Mitgliedern steht das gleiche Recht im Rahmen der Jugendschutz- bestimmungen sowie sonstiger gesetzlicher Bestimmungen zu.<\/li>\n<li>Wahlberechtigt sind alle Mitglieder ab 16 Jahre, w\u00e4hlbar ab 18 Jahre.<\/li>\n<li>Ehrenmitglieder, Ehrenpr\u00e4sidenten, Ehrensenatoren, Senatoren, Botschafter und Ehrenminister haben die gleichen Rechte wie Mitglieder.<\/li>\n<\/ol>\n<p><a id=\"p4\"><\/a><\/p>\n<div class=\"sub-title\"><\/div>\n<div class=\"sub-title\"><\/div>\n<div class=\"sub-title\"><strong>\u00a7 4 Pflichten der Mitglieder<\/strong><\/div>\n<ol>\n<li>Jedes Mitglied ist verpflichtet, die Ziele des Vereins zu f\u00f6rdern und zu unterst\u00fctzen.<\/li>\n<li>Der zu zahlende Jahresbeitrag wird von der Mitgliederversammlung\u00a0(Generalversammlung) festgelegt.<\/li>\n<li>Die Mitgliedschaft erlischt:<br \/>\n3.1 durch erkl\u00e4rten Austritt, der nur zum Ende eines Gesch\u00e4ftsjahres mit einer Frist von 3 Monaten an den Vorstand erfolgen kann;<br \/>\n3.2 durch Ausschluss; Ausschlie\u00dfungsgr\u00fcnde sind u.a.:<br \/>\na) grober Versto\u00df gegen die Satzung oder die satzungsgem\u00e4\u00df gefassten Beschl\u00fcsse;<br \/>\nb) Besch\u00e4digung des Ansehens des Vereins oder des Brauchtums;<br \/>\nc) Nichterf\u00fcllung der Beitragspflichten nach vorausgegangener zweimaliger\u00a0Mahnung;\u00a0der Ausschluss erfolgt auf Beschluss des Vorstandes.\u00a0Gegen diesen Beschluss besteht das Recht des schriftlichen Einspruchs innerhalb\u00a0von 4 Wochen an die n\u00e4chste Mitgliederversammlung, deren Entscheidung endg\u00fcltig\u00a0ist,<br \/>\nd) durch den Tod eines Mitgliedes.<\/li>\n<\/ol>\n<p><a id=\"p5\"><\/a><\/p>\n<div class=\"sub-title\"><\/div>\n<div class=\"sub-title\"><\/div>\n<div class=\"sub-title\"><strong>\u00a7 5 Organe<\/strong><\/div>\n<p>Die Organe des Vereins sind:<\/p>\n<ul>\n<li>die Mitgliederversammlung (Generalversammlung),<\/li>\n<li>der Vorstand.<\/li>\n<\/ul>\n<p><a id=\"p6\"><\/a><\/p>\n<div class=\"sub-title\"><\/div>\n<div class=\"sub-title\"><\/div>\n<div class=\"sub-title\"><strong>\u00a7 6 Mitgliederversammlung \/ Generalversammlung<\/strong><\/div>\n<ol>\n<li>Die Mitgliederversammlung (Generalversammlung) ist oberstes Organ des Vereins und ist mindestens einmal im \u00a0 \u00a0 Gesch\u00e4ftsjahr einzuberufen. Gegen die Beschl\u00fcsse und Entscheidungen der Mitgliederversammlung \u00a0 \u00a0 (Generalversammlung) ist ein Einspruch nicht m\u00f6glich.<\/li>\n<li>Die Mitgliederversammlung ist vom Vorsitzenden mindestens 2 Wochen vor der Versammlung unter Bekanntgabe \u00a0 \u00a0 der Tagesordnung einzuberufen. Die Einladung muss schriftlich erfolgen.<br \/>\n2.1 Antr\u00e4ge auf Erg\u00e4nzung oder \u00c4nderung der Tagesordnung sind mindestens 8 Tage vor der Versammlung dem \u00a0 \u00a0 \u00a0 \u00a0 Vorsitzenden schriftlich einzureichen;<br \/>\n2.2 Antr\u00e4ge, die sp\u00e4ter als 8 Tage vor der Versammlung eingehen oder w\u00e4hrend der Mitgliederversammlung gestellt werden, sind zuzulassen, wenn 2\/3 der anwesenden stimmberechtigten Mitglieder dies beschlie\u00dfen.<\/li>\n<li>Der Mitgliederversammlung obliegen:<br \/>\n3.1 die Entgegennahme der Jahresberichte;<br \/>\na) des Vorsitzenden;<br \/>\nb) des Schriftf\u00fchrers;<br \/>\nc) des Schatzmeisters;<br \/>\n3.2 Pr\u00fcfungsbericht der Kassenpr\u00fcfer;<br \/>\n3.3 Entlastung des Vorstandes;<br \/>\n3.4 Beschlussfassung \u00fcber Satzungs\u00e4nderung;<br \/>\n3.5 die Wahl des Vorstandes;<br \/>\n3.6 Bestellung von mindestens 2 Kassenpr\u00fcfern, die nicht dem Vorstand angeh\u00f6ren d\u00fcrfen;<br \/>\n3.7 die Festsetzung des Jahresbeitrages f\u00fcr Mitglieder;<br \/>\n3.8 Antr\u00e4ge.<\/li>\n<li>Beschl\u00fcsse werden mit einfacher Mehrheit der anwesenden stimmberechtigten Mitglieder gefasst. Bei \u00a0 \u00a0 Stimmengleichheit ist der Antrag abgelehnt. Alle Beschl\u00fcsse bed\u00fcrfen der Niederschrift im Versammlungs- \u00a0 \u00a0 protokoll, das vom Versammlungsleiter (in der Regel vom l. oder Vorsitzenden) und dem Schriftf\u00fchrer zu unterzeichnen ist.<\/li>\n<li>Beschl\u00fcsse zur Aufl\u00f6sung des Vereins bed\u00fcrfen grunds\u00e4tzlich der 3\/4 &#8211; Mehrheit der anwesenden \u00a0 \u00a0 stimmberechtigten Mitglieder. Anwesend m\u00fcssen 50 % der stimmberechtigten Mitglieder sein.<\/li>\n<li>Soll eine Abstimmung geheim erfolgen, so muss mindestens l stimmberechtigtes Mitglied einen entsprechenden \u00a0 \u00a0 \u00a0Antrag stellen.<\/li>\n<li>Eine au\u00dferordentliche Mitgliederversammlung ist einzuberufen, wenn es das Interesse des Vereins erfordert \u00a0 \u00a0 oder wenn dies mindestens 1\/4 der Mitglieder unter Angabe von Gr\u00fcnden eine Einberufung schriftlich verlangt. Bei \u00a0 \u00a0 au\u00dferordentlichen Mitgliederversammlungen kann die Einladungsfrist auf 8 Tage verk\u00fcrzt werden.<\/li>\n<\/ol>\n<p><a id=\"p7\"><\/a><\/p>\n<div class=\"sub-title\"><\/div>\n<div class=\"sub-title\"><\/div>\n<div class=\"sub-title\"><strong>7 Vorstand<\/strong><\/div>\n<ol>\n<li>Der Gesamtvorstand besteht aus dem gesch\u00e4ftsf\u00fchrenden Vorstand und dem erweiterten Vorstand:<br \/>\n1.1 Gesch\u00e4ftsf\u00fchrender Vorstand<br \/>\na) 1. Vorsitzender<br \/>\nb) 2.Vorsitzender<br \/>\n1.2 Erweiterter Vorstand<br \/>\na) 2 Pr\u00e4sidenten<br \/>\nb) Schriftf\u00fchrer<br \/>\n1.3 Schatzmeister<br \/>\n1.4 Bis zu 6 Beisitzer<\/li>\n<li>Die Mitglieder des Vorstandes werden f\u00fcr die Dauer von 3 Jahren gew\u00e4hlt, die Wiederwahl ist m\u00f6glich. Pr\u00e4sidenten sind geborene Mitglieder der Vorstandschaft. Pr\u00e4sidenten (1.2a) werden von der Mitgliederversammlung unbefristet gew\u00e4hlt.<\/li>\n<li>F\u00fcr die w\u00e4hrend der Dauer der Amtszeit ausscheidenden Vorstandsmitglieder r\u00fccken die in der Mitglieder- versammlung zu w\u00e4hlenden Ersatzmitglieder nach. Sind keine Ersatzmitglieder vorhanden, so ist auf der n\u00e4chsten Mitgliederversammlung eine Erg\u00e4nzungswahl vorzunehmen.<\/li>\n<\/ol>\n<p><a id=\"p8\"><\/a><\/p>\n<div class=\"sub-title\"><\/div>\n<div class=\"sub-title\"><\/div>\n<div class=\"sub-title\"><strong>\u00a7 8 Aussch\u00fcsse<\/strong><\/div>\n<p>Zur Erledigung bestimmter Aufgaben k\u00f6nnen vom Vorstand Aussch\u00fcsse gebildet werden. Die Aufgaben der Aussch\u00fcsse und die Zahl ihrer Mitglieder werden vom Vorstand festgelegt.<br \/>\nJeder Gruppe, welche an den Aktivit\u00e4ten des Karnevalvereins teilnimmt, w\u00e4hlt einen Gruppenvertreter. Die Gruppenvertreter sind dem Vorstand bekannt zu geben.<br \/>\nDie Gruppenvertreter und Ausschussmitglieder k\u00f6nnen je nach Bedarf vom Vorstand zu den Sitzungen beratend hinzugezogen werden.<\/p>\n<p><a id=\"p9\"><\/a><\/p>\n<div class=\"sub-title\"><\/div>\n<div class=\"sub-title\"><\/div>\n<div class=\"sub-title\"><strong>\u00a7 9 Befugnisse des Vorstandes<\/strong><\/div>\n<ol>\n<li>Der 1. Vorsitzende und der 2. Vorsitzende sind Vorstand im Sinne von \u00a7 26 BGB. Jeder ist einzelvertretungs- berechtigt. Im Innenverh\u00e4ltnis darf jedoch der Stellvertreter von seinem Vertretungsrecht erst Gebrauch machen, wenn der 1. Vorsitzende verhindert ist.<\/li>\n<li>Dem Vorsitzenden obliegt die Gesch\u00e4ftsleitung, die Ausf\u00fchrung der Beschl\u00fcsse und die Verwaltung des Verm\u00f6gens. Der Vorsitzende leitet die Sitzungen des Vorstandes, er beruft den Vorstand, so oft es die Lage der Gesch\u00e4fte erfordert oder drei Vorstandsmitglieder unter Angabe der zu behandelnden Tagesordnungspunkte dies beantragen, ein.<\/li>\n<li>Die Einladungen zu den Vorstandssitzungen sollen schriftlich erfolgen. Der Vorstand ist beschlussf\u00e4hig, wenn mehr als die H\u00e4lfte seiner Mitglieder anwesend ist. Die Bezeichnung der Beratungsgegenst\u00e4nde bei der Einberufung der Sitzungen ist f\u00fcr die G\u00fcltigkeit der Beschl\u00fcsse erforderlich. Die Beschl\u00fcsse werden durch Stimmenmehrheit gefasst. Bei Stimmengleichzeit ist ein Antrag abgelehnt.<\/li>\n<li>Dem Schriftf\u00fchrer obliegt die Ausfertigung der zur Erledigung der Beschl\u00fcsse des Vorstandes erforderlichen Schriftst\u00fccke. \u00dcber die Beschl\u00fcsse und Verhandlungen sind von dem Schriftf\u00fchrer Niederschriften zu fertigen. Sie sind vom Vorsitzenden und dem Schriftf\u00fchrer zu unterschreiben. Die Niederschriften \u00fcber Vorstandssitzungen und Generalversammlungen sind allen Vorstandsmitgliedern in Fotokopie zuzustellen.<\/li>\n<li>Der Schatzmeister verwaltet die Kasse und das Verm\u00f6gen des Vereins, f\u00fchrt ordnungsgem\u00e4\u00df Buch \u00fcber alle Einnahmen und Ausgaben und hat der Generalversammlung einen mit Belegen versehenen Rechenschaftsbericht zu erstatten. Er nimmt alle Zahlungen f\u00fcr den Verein gegen seine alleinige Bescheinigung in Empfang, darf aber Zahlungen f\u00fcr den Verein nur auf Anordnung des Vorsitzenden oder dessen Stellvertreter leisten.<\/li>\n<li>Der Vorstand ist berechtigt, den Vorsitzenden, dessen Stellvertreter oder ein anderes Mitglied des Vorstandes zur Vornahme von Rechtsgesch\u00e4ften und Rechtshandlungen jeder Art f\u00fcr den Verein zu erm\u00e4chtigen.<\/li>\n<\/ol>\n<p><a id=\"p10\"><\/a><\/p>\n<div class=\"sub-title\"><\/div>\n<div class=\"sub-title\"><\/div>\n<div class=\"sub-title\"><strong>\u00a7 10\u00a0Ausr\u00fcstungsteile, Kost\u00fcme, Uniformen und M\u00fctzen<\/strong><\/div>\n<ol>\n<li>Die Mitglieder, die vereinseigene Ausr\u00fcstungsteile, Kost\u00fcme, Umformen und M\u00fctzen f\u00fcr die T\u00e4tigkeit im Verein erhalten, sind hierf\u00fcr voll verantwortlich und haftbar.<\/li>\n<li>Die Pflege der Ausr\u00fcstungsteile, Kost\u00fcme, M\u00fctzen u.a. obliegt den einzelnen Mitgliedern. \u00dcberz\u00e4hlige Ausr\u00fcstungsteile, Kost\u00fcme und M\u00fctzen sind dem Verein in einwandfreiem Zustand zur\u00fcckzugeben. Vorgenannte Gebrauchsgegenst\u00e4nde d\u00fcrfen nur f\u00fcr Vereinszwecke verwendet werden.<\/li>\n<li>Beim Ausscheiden aus dem Verein sind die vorgenannten Gegenst\u00e4nde unverz\u00fcglich und ebenfalls in einwandfreiem Zustand einer verantwortlichen Person des Vereins zu \u00fcbergeben.<\/li>\n<li>Die Gruppenvertreter haben \u00fcber das Inventar eine Liste zu f\u00fchren und dem Vorstand hier\u00fcber Rechenschaft zu geben.<\/li>\n<\/ol>\n<p><a id=\"p11\"><\/a><\/p>\n<div class=\"sub-title\"><\/div>\n<div class=\"sub-title\"><\/div>\n<div class=\"sub-title\"><strong>\u00a7 11 Zuwendungen an Mitglieder<\/strong><\/div>\n<ol>\n<li>Mittel des Vereins d\u00fcrfen nur f\u00fcr die Satzungsm\u00e4\u00dfigen Zwecke verwendet werden. Die Mitglieder erhalten keine Zuwendungen aus Mitteln des Vereins.<\/li>\n<li>Es darf keine Person durch Ausgaben, die dem Zweck der K\u00f6rperschaft fremd sind, oder durch unverh\u00e4ltnism\u00e4\u00dfig hohe Verg\u00fctungen beg\u00fcnstigt werden.<\/li>\n<\/ol>\n<div class=\"sub-title\"><\/div>\n<div class=\"sub-title\"><\/div>\n<div class=\"sub-title\"><strong>\u00a7 12 Kassenpr\u00fcfer<\/strong><\/div>\n<ol>\n<li>F\u00fcr jedes Gesch\u00e4ftsjahr werden in der Generalversammlung aus den Reihen der Mitglieder mindestens 2 Kassenpr\u00fcfer in einem separaten Wahlgang gew\u00e4hlt. Sie m\u00fcssen vollj\u00e4hrig sein und d\u00fcrfen dem Vorstand nicht angeh\u00f6ren.<\/li>\n<li>Die Kassenpr\u00fcfer sind Beauftragte der Mitglieder und mit dem Schatzmeister f\u00fcr die Richtigkeit der Kassenf\u00fchrung verantwortlich. Durch Revision der Kasse, B\u00fccher und Belege haben sie sich \u00fcber die ordnungsgem\u00e4\u00dfe Buch- und Kassenf\u00fchrung des Vereins auf dem Laufen zu halten.<\/li>\n<li>Im Laufe eines Gesch\u00e4ftsjahres muss mindestens eine Revision stattfinden.<\/li>\n<li>Beanstandungen der Kassenpr\u00fcfer k\u00f6nnen sich nur auf die Richtigkeit der Belege und Buchungen erstrecken, nicht jedoch auf die Zweckm\u00e4\u00dfigkeit und Notwendigkeit der vom Vorstand genehmigten Ausgaben<\/li>\n<li>Die Kassenpr\u00fcfer erstattender Generalversammlung einen Pr\u00fcfbericht und beantragen bei ordnungsgem\u00e4\u00dfer F\u00fchrung der Kassengesch\u00e4fte die Entlastung des Vorstandes.<\/li>\n<\/ol>\n<p><a id=\"p13\"><\/a><\/p>\n<div><\/div>\n<div><\/div>\n<div class=\"sub-title\"><strong>\u00a7 13 Schlussbestimmungen<\/strong><\/div>\n<p>Voraussetzungen f\u00fcr die Aufl\u00f6sung eines Vereins sind:<\/p>\n<div class=\"sub-title\">\n<ol>\n<li>Mindestens 30 % der stimmberechtigten Mitglieder des Vereins m\u00fcssen unter Angabe ihrer Gr\u00fcnde beim Vorstand schriftlich beantragen, dass der Verein aufgel\u00f6st werden soll.<\/li>\n<li>Nach Pr\u00fcfung der vorgebrachten Argumente durch den Vorstand, die aus der Sicht der Antragsteller f\u00fcr eine Aufl\u00f6sung des Vereins sprechen, muss der Vorsitzende innerhalb eines Monat zu einer au\u00dferordentlichen Mitgliederversammlung schriftlich einladen.<\/li>\n<li>Die Aufl\u00f6sung des Vereins ist nur m\u00f6glich, wenn mindestens 50 % der stimmberechtigten Mitglieder in dieser Mitgliederversammlung anwesend sind und 3\/ 4 davon einer Aufl\u00f6sung zustimmen.<\/li>\n<li>In allen anderen F\u00e4llen ist innerhalb einer Frist von 4 Wochen mit gleicher Tagesordnung eine weitere au\u00dferordentliche Mitgliederversammlung durchzuf\u00fchren, die ohne R\u00fccksicht auf die Zahl der anwesenden Mitglieder mit einfacher Mehrheit die Aufl\u00f6sung beschlie\u00dfen kann.<\/li>\n<li>Das nach der Aufl\u00f6sung vorhandene Verm\u00f6gen ist wohlt\u00e4tigen Zwecken oder einer anderen gleichartigen und gemeinn\u00fctzigen K\u00f6rperschaft innerhalb der Ortsgemeinde H\u00f6rdt zu \u00fcbertragen.<\/li>\n<li>Der Vorstand ist berechtigt, redaktionelle \u00c4nderungen, soweit sie den Sinn der Satzung nicht ver\u00e4ndern oder solche, die von einer Beh\u00f6rde angeordnet werden, vorzunehmen.<\/li>\n<\/ol>\n<p><a id=\"p14\"><\/a><\/p>\n<div class=\"sub-title\"><\/div>\n<div class=\"sub-title\"><\/div>\n<div class=\"sub-title\"><strong>\u00a7 14 Gerichtsstand<\/strong><\/div>\n<p>F\u00fcr Rechtsstreitigkeiten sind die Gerichte zust\u00e4ndig, in deren Bereich der Verein seinen Sitz hat.<br \/>\nVorstehende Satzung wurde auf der Mitgliederversammlung am 09.Mai 2005 ge\u00e4ndert und insgesamt neu gefasst.<\/p>\n<p>H\u00f6rdt, 30.11.2005<\/p>\n<\/div>\n<\/div><div class=\"fusion-clearfix\"><\/div><\/div><\/div><\/div><\/div>\n","protected":false},"excerpt":{"rendered":"","protected":false},"author":1,"featured_media":0,"parent":0,"menu_order":0,"comment_status":"closed","ping_status":"closed","template":"","meta":{"footnotes":""},"class_list":["post-84","page","type-page","status-publish","hentry"],"_links":{"self":[{"href":"https:\/\/die-benserobber.de\/index.php\/wp-json\/wp\/v2\/pages\/84","targetHints":{"allow":["GET"]}}],"collection":[{"href":"https:\/\/die-benserobber.de\/index.php\/wp-json\/wp\/v2\/pages"}],"about":[{"href":"https:\/\/die-benserobber.de\/index.php\/wp-json\/wp\/v2\/types\/page"}],"author":[{"embeddable":true,"href":"https:\/\/die-benserobber.de\/index.php\/wp-json\/wp\/v2\/users\/1"}],"replies":[{"embeddable":true,"href":"https:\/\/die-benserobber.de\/index.php\/wp-json\/wp\/v2\/comments?post=84"}],"version-history":[{"count":4,"href":"https:\/\/die-benserobber.de\/index.php\/wp-json\/wp\/v2\/pages\/84\/revisions"}],"predecessor-version":[{"id":750,"href":"https:\/\/die-benserobber.de\/index.php\/wp-json\/wp\/v2\/pages\/84\/revisions\/750"}],"wp:attachment":[{"href":"https:\/\/die-benserobber.de\/index.php\/wp-json\/wp\/v2\/media?parent=84"}],"curies":[{"name":"wp","href":"https:\/\/api.w.org\/{rel}","templated":true}]}}