{"id":691,"date":"2019-01-16T14:47:06","date_gmt":"2019-01-16T13:47:06","guid":{"rendered":"http:\/\/die-benserobber.de.w018fe11.kasserver.com\/?page_id=691"},"modified":"2019-01-18T12:25:42","modified_gmt":"2019-01-18T11:25:42","slug":"rathausstuermung-2","status":"publish","type":"page","link":"https:\/\/die-benserobber.de\/index.php\/rathausstuermung-2\/","title":{"rendered":"Rathausst\u00fcrmung"},"content":{"rendered":"<div class=\"fusion-fullwidth fullwidth-box fusion-builder-row-1 nonhundred-percent-fullwidth non-hundred-percent-height-scrolling\" style=\"background-color: rgba(255,255,255,0);background-position: center center;background-repeat: no-repeat;padding-top:0px;padding-right:0px;padding-bottom:0px;padding-left:0px;margin-bottom: 0px;margin-top: 0px;border-width: 0px 0px 0px 0px;border-color:#eae9e9;border-style:solid;\" ><div class=\"fusion-builder-row fusion-row\"><div class=\"fusion-layout-column fusion_builder_column fusion-builder-column-0 fusion_builder_column_1_1 1_1 fusion-one-full fusion-column-first fusion-column-last\" style=\"margin-top:0px;margin-bottom:20px;\"><div class=\"fusion-column-wrapper fusion-flex-column-wrapper-legacy\" style=\"background-position:left top;background-repeat:no-repeat;-webkit-background-size:cover;-moz-background-size:cover;-o-background-size:cover;background-size:cover;padding: 0px 0px 0px 0px;\"><div class=\"fusion-text fusion-text-1\"><h4>Christian, der 31. Benserobber st\u00fcrmt das Rathaus.<\/h4>\n<p>Nach einer langen Feier auf dem Benserobberball bis in die Morgenstunden\u00a0 st\u00fcrmte der neue Benserobber p\u00fcnktlich am 8.1.2017 um 10.30 Uhr das Rathaus. Trotz K\u00e4lte und Schnee haben sich viele Zuschauer versammelt und erwarteten den 31. Benserobber Christian mit seinem Gefolge. F\u00fcr die musikalische Umrahmung sorgten traditionell die \u201ePf\u00e4lzer -Guggeglucke\u201c aus R\u00fclzheim mit ihren stimmungsvollen Rhythmen.<\/p>\n<p><img decoding=\"async\" src=\"http:\/\/kvh-benserobber.de\/files\/cache\/819be483f785ba668c0b1755c92b4dae_f791.jpg\" alt=\"Rathausst\u00fcrmung 2017_k.jpg\" width=\"583\" height=\"387\" \/><\/p>\n<p>\u00dcber eine Leiter dr\u00e4ngten die Garden durch ein Fenster ins Rathaus und jagten den B\u00fcrgermeister mit seinen Beigeordneten durch die T\u00fcr zum Narrenvolk. Weder gute Worte noch eine wei\u00dfe Fahne\u00a0 konnten sie davor\u00a0 bewahren den Schl\u00fcssel abzugeben.<\/p>\n<p><img decoding=\"async\" src=\"http:\/\/kvh-benserobber.de\/files\/cache\/eeea1f3d7c2135c4c30c9d742a75c379_f785.jpg\" alt=\"Rathst_2017.jpg\" width=\"590\" height=\"330\" \/><\/p>\n<p>Max Frey sieht sich als Vollblutfasenachter und hoffte darauf dieses Jahr einmal Ruhe vor den Narren zu haben. Aber im Grunde kommt ihm die Regierungs\u00fcbernahme recht, denn so kann er in seinen wohlverdienten Urlaub fahren. Aber eine Bedingung hat er an den neuen Benserobber: Er muss ab heute den Schl\u00fcssel in jeder Lebenslage an seinem K\u00f6rper tragen. Und besonders stolz ist er den Schl\u00fcssel heute vor der extra denkmalgesch\u00fctzt gestrichenen T\u00fcr zu \u00fcberreichen.<\/p>\n<p><img decoding=\"async\" src=\"http:\/\/kvh-benserobber.de\/files\/cache\/b271d735d01af7ca3695905dc74ee1f0_f792.jpg\" alt=\"rathausst\u00fcrmung Bild 2_k.jpg\" width=\"585\" height=\"387\" \/><\/p>\n<p>Christian, der 31. Bensi ist stolz, den schwarzen B\u00fcrgermeister aus dem Rathaus verbannt zu haben. Anschlie\u00dfend wurde zu einem gem\u00fctlichen Umtrunk und Imbiss in den Rathaushof eingeladen.<\/p>\n<p>Der amtierende 31.Benserrobber Christian Lindner freut sich zusammen mit der Vorstandschaft des Karnevalsverein Sie bei den Prunksitzungen begr\u00fc\u00dfen zu d\u00fcrfen.<\/p>\n<\/div><div class=\"fusion-clearfix\"><\/div><\/div><\/div><\/div><\/div>\n","protected":false},"excerpt":{"rendered":"","protected":false},"author":1,"featured_media":0,"parent":0,"menu_order":0,"comment_status":"closed","ping_status":"closed","template":"","meta":{"footnotes":""},"class_list":["post-691","page","type-page","status-publish","hentry"],"_links":{"self":[{"href":"https:\/\/die-benserobber.de\/index.php\/wp-json\/wp\/v2\/pages\/691","targetHints":{"allow":["GET"]}}],"collection":[{"href":"https:\/\/die-benserobber.de\/index.php\/wp-json\/wp\/v2\/pages"}],"about":[{"href":"https:\/\/die-benserobber.de\/index.php\/wp-json\/wp\/v2\/types\/page"}],"author":[{"embeddable":true,"href":"https:\/\/die-benserobber.de\/index.php\/wp-json\/wp\/v2\/users\/1"}],"replies":[{"embeddable":true,"href":"https:\/\/die-benserobber.de\/index.php\/wp-json\/wp\/v2\/comments?post=691"}],"version-history":[{"count":3,"href":"https:\/\/die-benserobber.de\/index.php\/wp-json\/wp\/v2\/pages\/691\/revisions"}],"predecessor-version":[{"id":1108,"href":"https:\/\/die-benserobber.de\/index.php\/wp-json\/wp\/v2\/pages\/691\/revisions\/1108"}],"wp:attachment":[{"href":"https:\/\/die-benserobber.de\/index.php\/wp-json\/wp\/v2\/media?parent=691"}],"curies":[{"name":"wp","href":"https:\/\/api.w.org\/{rel}","templated":true}]}}