{"id":69,"date":"2019-01-11T13:12:17","date_gmt":"2019-01-11T12:12:17","guid":{"rendered":"http:\/\/die-benserobber.de.w018fe11.kasserver.com\/?page_id=69"},"modified":"2025-05-21T14:27:29","modified_gmt":"2025-05-21T12:27:29","slug":"administration","status":"publish","type":"page","link":"https:\/\/die-benserobber.de\/index.php\/administration\/","title":{"rendered":"Administration"},"content":{"rendered":"<div class=\"fusion-fullwidth fullwidth-box fusion-builder-row-1 nonhundred-percent-fullwidth non-hundred-percent-height-scrolling\" style=\"background-color: rgba(255,255,255,0);background-position: center center;background-repeat: no-repeat;padding-top:0px;padding-right:0px;padding-bottom:0px;padding-left:0px;margin-bottom: 0px;margin-top: 0px;border-width: 0px 0px 0px 0px;border-color:#eae9e9;border-style:solid;\" ><div class=\"fusion-builder-row fusion-row\"><div class=\"fusion-layout-column fusion_builder_column fusion-builder-column-0 fusion_builder_column_1_1 1_1 fusion-one-full fusion-column-first fusion-column-last\" style=\"margin-top:0px;margin-bottom:20px;\"><div class=\"fusion-column-wrapper fusion-flex-column-wrapper-legacy\" style=\"background-position:left top;background-repeat:no-repeat;-webkit-background-size:cover;-moz-background-size:cover;-o-background-size:cover;background-size:cover;padding: 0px 0px 0px 0px;\"><div class=\"fusion-text fusion-text-1\"><div class=\"title\">\n<h4>ADMINISTRATION<\/h4>\n<\/div>\n<div class=\"sub-title\">\n<p>Hallo liebe Faschingsfreunde!<\/p>\n<\/div>\n<p>Herzlich willkommen auf der Homepage des KVH.<\/p>\n<p>Wer auf unserer Webpr\u00e4senz Fehler findet, darf sie gerne behalten.<\/p>\n<p>In diesem Fall scheut Euch nicht mich dar\u00fcber zu informieren, damit ich diese Fehler schnellstm\u00f6glich beheben kann!<\/p>\n<p>Auch mit Kritik, Anregungen und sonstigen Fragen, die die Homepage betreffen, k\u00f6nnt ihr Euch jederzeit gerne an mich wenden.<\/p>\n<p>Soviel von meiner Seite. Ich hoffe, dass Euch unsere Website gef\u00e4llt und w\u00fcnsche Euch noch viel Spa\u00df beim Surfen!<\/p>\n<p>Timo Fr\u00f6hlig<\/p>\n<p><a href=\"mailto:webmaster@die-benserobber.de\">webmaster@die-benserobber.de<\/a><\/p>\n<\/div><div class=\"fusion-clearfix\"><\/div><\/div><\/div><\/div><\/div>\n","protected":false},"excerpt":{"rendered":"","protected":false},"author":1,"featured_media":0,"parent":0,"menu_order":0,"comment_status":"closed","ping_status":"closed","template":"","meta":{"footnotes":""},"class_list":["post-69","page","type-page","status-publish","hentry"],"_links":{"self":[{"href":"https:\/\/die-benserobber.de\/index.php\/wp-json\/wp\/v2\/pages\/69","targetHints":{"allow":["GET"]}}],"collection":[{"href":"https:\/\/die-benserobber.de\/index.php\/wp-json\/wp\/v2\/pages"}],"about":[{"href":"https:\/\/die-benserobber.de\/index.php\/wp-json\/wp\/v2\/types\/page"}],"author":[{"embeddable":true,"href":"https:\/\/die-benserobber.de\/index.php\/wp-json\/wp\/v2\/users\/1"}],"replies":[{"embeddable":true,"href":"https:\/\/die-benserobber.de\/index.php\/wp-json\/wp\/v2\/comments?post=69"}],"version-history":[{"count":2,"href":"https:\/\/die-benserobber.de\/index.php\/wp-json\/wp\/v2\/pages\/69\/revisions"}],"predecessor-version":[{"id":2222,"href":"https:\/\/die-benserobber.de\/index.php\/wp-json\/wp\/v2\/pages\/69\/revisions\/2222"}],"wp:attachment":[{"href":"https:\/\/die-benserobber.de\/index.php\/wp-json\/wp\/v2\/media?parent=69"}],"curies":[{"name":"wp","href":"https:\/\/api.w.org\/{rel}","templated":true}]}}