{"id":403,"date":"2019-01-15T16:48:52","date_gmt":"2019-01-15T15:48:52","guid":{"rendered":"http:\/\/die-benserobber.de.w018fe11.kasserver.com\/?page_id=403"},"modified":"2025-05-22T13:59:23","modified_gmt":"2025-05-22T11:59:23","slug":"1-vorstand","status":"publish","type":"page","link":"https:\/\/die-benserobber.de\/index.php\/1-vorstand\/","title":{"rendered":"1. Vorstand"},"content":{"rendered":"<div class=\"fusion-fullwidth fullwidth-box fusion-builder-row-1 nonhundred-percent-fullwidth non-hundred-percent-height-scrolling\" style=\"background-color: rgba(255,255,255,0);background-position: center center;background-repeat: no-repeat;padding-top:0px;padding-right:0px;padding-bottom:0px;padding-left:0px;margin-bottom: 0px;margin-top: 0px;border-width: 0px 0px 0px 0px;border-color:#eae9e9;border-style:solid;\" ><div class=\"fusion-builder-row fusion-row\"><div class=\"fusion-layout-column fusion_builder_column fusion-builder-column-0 fusion_builder_column_1_1 1_1 fusion-one-full fusion-column-first fusion-column-last\" style=\"margin-top:0px;margin-bottom:20px;\"><div class=\"fusion-column-wrapper fusion-flex-column-wrapper-legacy\" style=\"background-position:left top;background-repeat:no-repeat;-webkit-background-size:cover;-moz-background-size:cover;-o-background-size:cover;background-size:cover;padding: 0px 0px 0px 0px;\"><div class=\"fusion-text fusion-text-1\"><h1 style=\"text-align: center;\">Die Vorstandschaft<\/h1>\n<\/div><span class=\" fusion-imageframe imageframe-none imageframe-1 hover-type-none\"><a class=\"fusion-no-lightbox\" href=\"https:\/\/die-benserobber.de\/wp-content\/uploads\/2025\/05\/Vorstandschaft1_2025-scaled.jpeg\" target=\"_self\" aria-label=\"Vorstandschaft1_2025\"><img decoding=\"async\" width=\"1024\" height=\"768\" src=\"https:\/\/die-benserobber.de\/wp-content\/uploads\/2025\/05\/Vorstandschaft1_2025-1024x768.jpeg\" alt class=\"img-responsive wp-image-2229\" srcset=\"https:\/\/die-benserobber.de\/wp-content\/uploads\/2025\/05\/Vorstandschaft1_2025-200x150.jpeg 200w, https:\/\/die-benserobber.de\/wp-content\/uploads\/2025\/05\/Vorstandschaft1_2025-400x300.jpeg 400w, https:\/\/die-benserobber.de\/wp-content\/uploads\/2025\/05\/Vorstandschaft1_2025-600x450.jpeg 600w, https:\/\/die-benserobber.de\/wp-content\/uploads\/2025\/05\/Vorstandschaft1_2025-800x600.jpeg 800w, https:\/\/die-benserobber.de\/wp-content\/uploads\/2025\/05\/Vorstandschaft1_2025-1200x900.jpeg 1200w\" sizes=\"(max-width: 800px) 100vw, 1024px\" \/><\/a><\/span><div class=\"fusion-text fusion-text-2\"><p>&nbsp;<\/p>\n<p>1. Vorstand Tanja Reddmann<\/p>\n<p>2. Vorstand Alexander Fischer<\/p>\n<p>Schriftf\u00fchrung:\u00a0 Ute Lutz<\/p>\n<p>Kassenwart:\u00a0 Martin Bentz<\/p>\n<p>Beisitzer:\u00a0 Hanna Bentz, Bruno Bohlender, Jan Hoffmann, Laura Hoffmann, Timo Fr\u00f6hlig, Lena Serr<\/p>\n<p>Der neunen Vorstandschaft geh\u00f6ren auch weiterhin die beiden Sitzungspr\u00e4sidenten Pascal Bentz und Andr\u00e9 Hartenstein als \u201egeborene Mitglieder\u201c an.<br \/>\nSie wurden durch die letzte Mitgliederversammlung best\u00e4tigt und bleiben im Amt.<\/p>\n<\/div><div class=\"fusion-clearfix\"><\/div><\/div><\/div><\/div><\/div>\n","protected":false},"excerpt":{"rendered":"","protected":false},"author":1,"featured_media":0,"parent":0,"menu_order":0,"comment_status":"closed","ping_status":"closed","template":"","meta":{"footnotes":""},"class_list":["post-403","page","type-page","status-publish","hentry"],"_links":{"self":[{"href":"https:\/\/die-benserobber.de\/index.php\/wp-json\/wp\/v2\/pages\/403","targetHints":{"allow":["GET"]}}],"collection":[{"href":"https:\/\/die-benserobber.de\/index.php\/wp-json\/wp\/v2\/pages"}],"about":[{"href":"https:\/\/die-benserobber.de\/index.php\/wp-json\/wp\/v2\/types\/page"}],"author":[{"embeddable":true,"href":"https:\/\/die-benserobber.de\/index.php\/wp-json\/wp\/v2\/users\/1"}],"replies":[{"embeddable":true,"href":"https:\/\/die-benserobber.de\/index.php\/wp-json\/wp\/v2\/comments?post=403"}],"version-history":[{"count":8,"href":"https:\/\/die-benserobber.de\/index.php\/wp-json\/wp\/v2\/pages\/403\/revisions"}],"predecessor-version":[{"id":2233,"href":"https:\/\/die-benserobber.de\/index.php\/wp-json\/wp\/v2\/pages\/403\/revisions\/2233"}],"wp:attachment":[{"href":"https:\/\/die-benserobber.de\/index.php\/wp-json\/wp\/v2\/media?parent=403"}],"curies":[{"name":"wp","href":"https:\/\/api.w.org\/{rel}","templated":true}]}}