{"id":39,"date":"2019-01-11T12:31:29","date_gmt":"2019-01-11T11:31:29","guid":{"rendered":"http:\/\/die-benserobber.de.w018fe11.kasserver.com\/?page_id=39"},"modified":"2019-01-11T12:32:13","modified_gmt":"2019-01-11T11:32:13","slug":"wir-ueber-uns","status":"publish","type":"page","link":"https:\/\/die-benserobber.de\/index.php\/wir-ueber-uns\/","title":{"rendered":"Wir \u00fcber uns"},"content":{"rendered":"<div class=\"fusion-fullwidth fullwidth-box fusion-builder-row-1 nonhundred-percent-fullwidth non-hundred-percent-height-scrolling\" style=\"background-color: rgba(255,255,255,0);background-position: center center;background-repeat: no-repeat;padding-top:0px;padding-right:0px;padding-bottom:0px;padding-left:0px;margin-bottom: 0px;margin-top: 0px;border-width: 0px 0px 0px 0px;border-color:#eae9e9;border-style:solid;\" ><div class=\"fusion-builder-row fusion-row\"><div class=\"fusion-layout-column fusion_builder_column fusion-builder-column-0 fusion_builder_column_1_1 1_1 fusion-one-full fusion-column-first fusion-column-last\" style=\"margin-top:0px;margin-bottom:20px;\"><div class=\"fusion-column-wrapper fusion-flex-column-wrapper-legacy\" style=\"background-position:left top;background-repeat:no-repeat;-webkit-background-size:cover;-moz-background-size:cover;-o-background-size:cover;background-size:cover;padding: 0px 0px 0px 0px;\"><div class=\"fusion-text fusion-text-1\"><div class=\"title\">\n<h4>GRUSS DES VORSTANDES<\/h4>\n<\/div>\n<p><span class=\"ueberschrift\"><strong>Liebe Fastnachtsfreunde,<br \/>\n<\/strong><\/span><span class=\"text\"><br \/>\nMomentan haben wir fast 200 aktive Mitglieder, die in den verschiedenen Bereichen unseres Vereins t\u00e4tig sind.<\/span><\/p>\n<p>Sehr viel Wert wird bei uns auch auf die Arbeit mit Kindern und Jugendlichen gelegt. Die etwa 80 Kinder und Jugendliche in unserem Verein werden von unseren Trainern in unterschiedlichen Gruppen betreut. Mit Spa\u00df und sinnvoller Besch\u00e4ftigung lernen die Kinder so schon fr\u00fch soziales Verhalten und ein gemeinsames Ziel zu erreichen.<\/p>\n<p>Als Mitglied des Verbandes nehmen wir regelm\u00e4\u00dfig an der S\u00fcdpf\u00e4lzer Kinder- und Jugendsitzung teil.<br \/>\nWeiters werden j\u00e4hrlich Jugendfreizeiten organisiert, ein Grillfest zum Selbstkostenpreis und ein Vereinsausflug angeboten. Zum Abschluss der Kampagne gibt es ein f\u00fcr alle Mitwirkenden kostenloses Heringsessen.<\/p>\n<p>Ein Verein wie der unsere ist st\u00e4ndig auf Nachwuchssuche. Die M\u00f6glichkeiten sich individuell in den Verein einzubringen sind gro\u00df. So z.B. im Gardetanz, Showtanz, Gesangsgruppen, Showgruppen oder B\u00fcttenreden.<br \/>\nNat\u00fcrlich kann man auch Anschluss in einem der verschiedenen Helferkreise suchen, die im Laufe einer Kampagne einen wichtigen Teil zum Gelingen diverser Veranstaltungen beitragen. Und das f\u00fcr einen Mitgliedsbeitrag von gerade 11 Euro pro Person und Jahr.<br \/>\nWenn man unseren Mitgliedsbeitrag den angebotenen Aktivit\u00e4ten gegen\u00fcber stellt, sollte jedem bewusst werden, dass wir Fastnacht f\u00fcr Jedermann machen und dass deshalb auch jeder herzlich willkommen ist, der etwas Positives zu unserem Verein beitragen will.<\/p>\n<p>Solltest Du nun Interesse haben, unserem Verein beizutreten, findest Du auf der linken Seite einen Link zum Download unseres Anmeldeformulars. Einfach ausf\u00fcllen und bei einem unserer Vorst\u00e4nde abgeben!<\/p>\n<p>Wir freuen uns auf Dich als neues Mitglied!<br \/>\n<span class=\"text\"><br \/>\nmit n\u00e4rrischem Gru\u00df<\/span><\/p>\n<p>Waldfried Heid<br \/>\n1.Vorsitzender<\/p>\n<\/div><div class=\"fusion-clearfix\"><\/div><\/div><\/div><\/div><\/div>\n","protected":false},"excerpt":{"rendered":"","protected":false},"author":1,"featured_media":0,"parent":0,"menu_order":0,"comment_status":"closed","ping_status":"closed","template":"","meta":{"footnotes":""},"class_list":["post-39","page","type-page","status-publish","hentry"],"_links":{"self":[{"href":"https:\/\/die-benserobber.de\/index.php\/wp-json\/wp\/v2\/pages\/39","targetHints":{"allow":["GET"]}}],"collection":[{"href":"https:\/\/die-benserobber.de\/index.php\/wp-json\/wp\/v2\/pages"}],"about":[{"href":"https:\/\/die-benserobber.de\/index.php\/wp-json\/wp\/v2\/types\/page"}],"author":[{"embeddable":true,"href":"https:\/\/die-benserobber.de\/index.php\/wp-json\/wp\/v2\/users\/1"}],"replies":[{"embeddable":true,"href":"https:\/\/die-benserobber.de\/index.php\/wp-json\/wp\/v2\/comments?post=39"}],"version-history":[{"count":2,"href":"https:\/\/die-benserobber.de\/index.php\/wp-json\/wp\/v2\/pages\/39\/revisions"}],"predecessor-version":[{"id":41,"href":"https:\/\/die-benserobber.de\/index.php\/wp-json\/wp\/v2\/pages\/39\/revisions\/41"}],"wp:attachment":[{"href":"https:\/\/die-benserobber.de\/index.php\/wp-json\/wp\/v2\/media?parent=39"}],"curies":[{"name":"wp","href":"https:\/\/api.w.org\/{rel}","templated":true}]}}