{"id":311,"date":"2019-01-15T13:59:48","date_gmt":"2019-01-15T12:59:48","guid":{"rendered":"http:\/\/die-benserobber.de.w018fe11.kasserver.com\/?page_id=311"},"modified":"2019-01-15T14:30:53","modified_gmt":"2019-01-15T13:30:53","slug":"kampagne-2003-2004","status":"publish","type":"page","link":"https:\/\/die-benserobber.de\/index.php\/kampagne-2003-2004\/","title":{"rendered":"Kampagne 2003\/2004"},"content":{"rendered":"<p><div class=\"fusion-fullwidth fullwidth-box fusion-builder-row-1 nonhundred-percent-fullwidth non-hundred-percent-height-scrolling\" style=\"background-color: rgba(255,255,255,0);background-position: center center;background-repeat: no-repeat;padding-top:0px;padding-right:0px;padding-bottom:0px;padding-left:0px;margin-bottom: 0px;margin-top: 0px;border-width: 0px 0px 0px 0px;border-color:#eae9e9;border-style:solid;\" ><div class=\"fusion-builder-row fusion-row\"><div class=\"fusion-layout-column fusion_builder_column fusion-builder-column-0 fusion_builder_column_1_1 1_1 fusion-one-full fusion-column-first fusion-column-last\" style=\"margin-top:0px;margin-bottom:20px;\"><div class=\"fusion-column-wrapper fusion-flex-column-wrapper-legacy\" style=\"background-position:left top;background-repeat:no-repeat;-webkit-background-size:cover;-moz-background-size:cover;-o-background-size:cover;background-size:cover;padding: 0px 0px 0px 0px;\"><div class=\"fusion-text fusion-text-1\"><div class=\"title\">\n<h4>Kampagne 2003\/2004<\/h4>\n<\/div>\n<div class=\"sub-title\"><\/div>\n<p><span class=\"sub-title\"><strong>Generalversammlung mit Neuwahlen am 03.05.2004<\/strong><br \/>\n<\/span><span class=\"text\"><br \/>\nDer H\u00f6rdter Karnevalverein wird im n\u00e4chsten Jahr die 15. S\u00fcdpf\u00e4lzer Kinder- und Jugendprunksitzung ausrichten. Neben diesem Mammutprojekt stehen derzeit die Vorbereitungen f\u00fcr die 1225-Jahr-Feier und die Arbeiten in den neuen Vereinsr\u00e4umen im Zentrum der Vereinsarbeit, erkl\u00e4rte Waldfried Heid, der in der Mitgliederversammlung am Montag erneut zum Vorsitzenden gew\u00e4hlt wurde.<br \/>\n<\/span><span class=\"text\"><br \/>\nZu der S\u00fcdpf\u00e4lzer Kinderprunksitzung erwarten die \u201eBenserobber\u201c am 30. Januar zwischen zehn und 15 Fasnachtsvereine, umgerechnet etwa 350 jugendliche Teilnehmer. Mit der Veranstaltung unter der Schirmherrschaft der Landtagsabgeordneten Barbara Schleicher-Rothmund repr\u00e4sentiere sich nicht nur der Karnevalverein, sondern auch das Dorf \u00fcber seine Grenzen hinaus, meinte Heid. Die Vorbereitungen in einem vierk\u00f6pfigen Ausschuss laufen bereits auf Hochtouren.<br \/>\nDie \u201eBenserobber\u201c werden sich mit einer Hofsch\u00e4nke in der ehemaligen Gastst\u00e4tte \u201eZum Bierhaus\u201c an der \u00a01225-Jahr-Feier des Dorfes in 2005 beteiligen, teilte der Vorsitzende mit. Auch an den Jubil\u00e4umsfeierlichkeiten des Sportvereins vom 10. bis 20. Juni werden einzelne Fasnachtsgruppen mitwirken.<br \/>\nSowohl das Kapital als auch die Mitgliederzahl konnten in den vergangenen drei Jahren betr\u00e4chtlich gesteigert werden, erkl\u00e4rte der Kassier Martin Bentz. Der Verein z\u00e4hle momentan 335 Mitglieder. Das angeh\u00e4ufte Verm\u00f6gen bilde den \u201eGrundstock f\u00fcr weitere Aktivit\u00e4ten\u201c, sagte der Vorsitzende. In einem \u201eZehn-Jahres-Plan\u201c sei auch der Bau einer Vereinshalle fest verankert. \u201eDieses Ziel verfolgen wir mit gro\u00dfem Eifer\u201c, betonte Heid und hoffte auf breite Unterst\u00fctzung der Mitglieder. Bevor die Fasnachter in ihre eigenes Vereinsheim einziehen, soll das Erdgescho\u00df des ehemaligen Schwesternhauses als Treffpunkt und Proberaum genutzt werden. Um die Umbauma\u00dfnahmen wird sich ein neu gegr\u00fcndeter Bauausschuss k\u00fcmmern.<br \/>\n\u00dcber die intakte Jugendarbeit des Vereins legten die Gruppensprecher der Garden Zeugnis ab: Bei den \u201eBambinis\u201c, den \u201eSpringm\u00e4usen\u201c und den \u201eSprossen\u201c werden in der kommenden Kampagne 64 Kinder und Jugendliche mittanzen. Um den m\u00e4nnlichen Nachwuchs zu f\u00f6rdern, soll eine Gruppe f\u00fcr Jungs von 13 bis 18 Jahren gegr\u00fcndet werden.<br \/>\nUnter der Adresse www.die-benserobber.de werde derzeit eine Internet-Seite des Vereins erstellt, gab Heid bekannt. Das Grillfest findet am Samstag, 26. Juni auf dem Schulgel\u00e4nde statt. Der Vereinsausflug ist am Sonntag, 26. September geplant. Als neue Vertreterin der B\u00fcttenredner wurde Christine Birkenheuer vorgestellt. Stefanie Mohr wird k\u00fcnftig die Pressearbeit des Vereins \u00fcbernehmen. Zu Kassenpr\u00fcfern wurden G\u00fcnther Becht und Winfried Kamp gew\u00e4hlt. F\u00fcr den Bauausschuss werden dringend noch Vertreter und Helfer gesucht. (naf)<\/span><\/p>\n<p>VORSTAND<br \/>\nWaldfried Heid (Vorsitzender), Maria Kopf (Zweite Vorsitzende), Martin Bentz (Kassier), Ralf Roth (Schriftf\u00fchrer),<br \/>\nBeisitzer: Anita Becht (Wirtschaftsdienst), Caroline Gundermann (Bardienst), Willi Kohler (Transport), Ursula Laubersheimer (Dekoration), Sonja Risser (Ein- und Ausr\u00e4umdienst), Stefan Kessler (Bauausschuss), Georg Serr und Michael Schr\u00f6ck Sitzungspr\u00e4sidenten).<\/p>\n<p><a href=\"http:\/\/kvh-benserobber.de\/themes\/haas\/documents\/Pressebericht_Mitgliederversammlung_03_05_2004.pdf\" target=\"_blank\" rel=\"noopener\"><span class=\"link\">Download: Pressebericht_Mitgliederversammlung_03_05_2004.pdf<\/span><\/a><\/p>\n<\/div><div class=\"fusion-clearfix\"><\/div><\/div><\/div><\/div><\/div><div class=\"fusion-fullwidth fullwidth-box fusion-builder-row-2 nonhundred-percent-fullwidth non-hundred-percent-height-scrolling\" style=\"background-color: rgba(255,255,255,0);background-position: center center;background-repeat: no-repeat;padding-top:0px;padding-right:0px;padding-bottom:0px;padding-left:0px;margin-bottom: 0px;margin-top: 0px;border-width: 0px 0px 0px 0px;border-color:#eae9e9;border-style:solid;\" ><div class=\"fusion-builder-row fusion-row\"><div class=\"fusion-layout-column fusion_builder_column fusion-builder-column-1 fusion_builder_column_1_1 1_1 fusion-one-full fusion-column-first fusion-column-last\" style=\"margin-top:0px;margin-bottom:20px;\"><div class=\"fusion-column-wrapper fusion-flex-column-wrapper-legacy\" style=\"background-position:left top;background-repeat:no-repeat;-webkit-background-size:cover;-moz-background-size:cover;-o-background-size:cover;background-size:cover;padding: 0px 0px 0px 0px;\"><div class=\"fusion-text fusion-text-2\"><p><span class=\"link\"><span class=\"sub-title\"><strong>Spargelaktionstag am 23.05.2004<\/strong><br \/>\n<\/span><\/span><\/p>\n<p><span class=\"link\"><span class=\"text\">Spargelhof B\u00f6hm<br \/>\n<\/span><span class=\"text\"><br \/>\n\u201eBenserobber\u201c im \u00a0Einsatz !<br \/>\n<\/span><span class=\"text\"><br \/>\nAm vergangenen Sonntag erwies sich Petrus als gn\u00e4dig und verzichtete, nach einem kurzen Schauer am Vormittag, auf weitere Regenwolken, so dass die zahlreichen Besucher im Spargelhof B\u00f6hm den Tag der offenen T\u00fcr doch noch im trockenen Zustand genie\u00dfen konnten!<br \/>\nNeben den st\u00fcndlich wechselnden Spargelangeboten und der Vorstellung einer Spargelsch\u00e4lmaschine, war f\u00fcr das leibliche Wohl der Besucher ebenfalls bestens gesorgt. Der Karnevalsverein H\u00f6rdt bot an, was das Herz begehrte. Auch die kleinen Besucher kamen auf ihre Kosten und durften sich von den M\u00fcttern der \u201eBambinigarde\u201c des KVH`s ausnahmsweise auch einmal au\u00dferhalb der Faschingszeit schminken lassen. Auf Grund dieser Aktion begegnete man \u00fcberall auf dem Spargelhof B\u00f6hm nicht nur fantasievoll geschminkten, strahlenden Kindergesichtern, sondern konnte auch den Eltern ansehen, dass sie f\u00fcr die Besch\u00e4ftigung ihres Nachwuchses \u00a0sehr dankbar waren und ihren Sonntag somit noch mehr genossen.<br \/>\nDer Karnevalsverein H\u00f6rdt dankt in erster Linie der Familie B\u00f6hm, die ihren Hof f\u00fcr diese Veranstaltung zur Verf\u00fcgung gestellt hat und ohne die dieser gelungene Sonntag nicht m\u00f6glich gewesen w\u00e4re. Nat\u00fcrlich geht ein Dankesch\u00f6n auch an alle freiwilligen Helferinnen und Helfer und alle gro\u00dfz\u00fcgigen Kuchenspender.<br \/>\nDer KVH war sichtlich erfreut \u00fcber die zahlreichen kleinen und gro\u00dfen Besucher. Diese Veranstaltung sollte vor allem auch die Jugend ansprechen, denn dieser Tag war sozusagen der \u201eStartschuss\u201c f\u00fcr die nun folgenden Aktivit\u00e4ten im Bereich der Jugendarbeit im Verein. Zahlreiche Freizeiten werden in n\u00e4chster Zeit veranstaltet und der vergangene Sonntag hat vielleicht doch noch den ein oder anderen Spr\u00f6ssling dazu motiviert auch ein \u201eBenserobber\u201c zu werden. Der KVH w\u00fcrde sich \u00fcber neuen Zuwachs auf jeden Fall freuen! \u00a0 \u00a0(mos)\u00a0<\/span><\/span><\/p>\n<\/div><div class=\"fusion-clearfix\"><\/div><\/div><\/div><\/div><\/div><\/p>\n","protected":false},"excerpt":{"rendered":"","protected":false},"author":1,"featured_media":0,"parent":0,"menu_order":0,"comment_status":"closed","ping_status":"closed","template":"","meta":{"footnotes":""},"class_list":["post-311","page","type-page","status-publish","hentry"],"_links":{"self":[{"href":"https:\/\/die-benserobber.de\/index.php\/wp-json\/wp\/v2\/pages\/311","targetHints":{"allow":["GET"]}}],"collection":[{"href":"https:\/\/die-benserobber.de\/index.php\/wp-json\/wp\/v2\/pages"}],"about":[{"href":"https:\/\/die-benserobber.de\/index.php\/wp-json\/wp\/v2\/types\/page"}],"author":[{"embeddable":true,"href":"https:\/\/die-benserobber.de\/index.php\/wp-json\/wp\/v2\/users\/1"}],"replies":[{"embeddable":true,"href":"https:\/\/die-benserobber.de\/index.php\/wp-json\/wp\/v2\/comments?post=311"}],"version-history":[{"count":4,"href":"https:\/\/die-benserobber.de\/index.php\/wp-json\/wp\/v2\/pages\/311\/revisions"}],"predecessor-version":[{"id":330,"href":"https:\/\/die-benserobber.de\/index.php\/wp-json\/wp\/v2\/pages\/311\/revisions\/330"}],"wp:attachment":[{"href":"https:\/\/die-benserobber.de\/index.php\/wp-json\/wp\/v2\/media?parent=311"}],"curies":[{"name":"wp","href":"https:\/\/api.w.org\/{rel}","templated":true}]}}