{"id":118,"date":"2019-01-14T11:36:53","date_gmt":"2019-01-14T10:36:53","guid":{"rendered":"http:\/\/die-benserobber.de.w018fe11.kasserver.com\/?page_id=118"},"modified":"2025-05-22T14:21:02","modified_gmt":"2025-05-22T12:21:02","slug":"partner","status":"publish","type":"page","link":"https:\/\/die-benserobber.de\/index.php\/partner\/","title":{"rendered":"Partner"},"content":{"rendered":"<div class=\"fusion-fullwidth fullwidth-box fusion-builder-row-1 nonhundred-percent-fullwidth non-hundred-percent-height-scrolling\" style=\"background-color: rgba(255,255,255,0);background-position: center center;background-repeat: no-repeat;padding-top:0px;padding-right:0px;padding-bottom:0px;padding-left:0px;margin-bottom: 0px;margin-top: 0px;border-width: 0px 0px 0px 0px;border-color:#eae9e9;border-style:solid;\" ><div class=\"fusion-builder-row fusion-row\"><div class=\"fusion-layout-column fusion_builder_column fusion-builder-column-0 fusion_builder_column_1_1 1_1 fusion-one-full fusion-column-first fusion-column-last\" style=\"margin-top:0px;margin-bottom:20px;\"><div class=\"fusion-column-wrapper fusion-flex-column-wrapper-legacy\" style=\"background-position:left top;background-repeat:no-repeat;-webkit-background-size:cover;-moz-background-size:cover;-o-background-size:cover;background-size:cover;padding: 0px 0px 0px 0px;\"><div class=\"fusion-text fusion-text-1\"><h2 style=\"text-align: center;\">Faschingswappen der Verbadsgemeinde R\u00fclzheim<\/h2>\n<\/div><span class=\" fusion-imageframe imageframe-none imageframe-1 hover-type-none\"><a class=\"fusion-no-lightbox\" href=\"https:\/\/die-benserobber.de\/wp-content\/uploads\/2025\/05\/02_FEB23-Wappen-VG-Fasenacht_freigestellt.png\" target=\"_self\" aria-label=\"02_FEB23-Wappen VG-Fasenacht_freigestellt\"><img decoding=\"async\" width=\"827\" height=\"1024\" src=\"https:\/\/die-benserobber.de\/wp-content\/uploads\/2025\/05\/02_FEB23-Wappen-VG-Fasenacht_freigestellt-827x1024.png\" alt class=\"img-responsive wp-image-2234\" srcset=\"https:\/\/die-benserobber.de\/wp-content\/uploads\/2025\/05\/02_FEB23-Wappen-VG-Fasenacht_freigestellt-200x248.png 200w, https:\/\/die-benserobber.de\/wp-content\/uploads\/2025\/05\/02_FEB23-Wappen-VG-Fasenacht_freigestellt-400x495.png 400w, https:\/\/die-benserobber.de\/wp-content\/uploads\/2025\/05\/02_FEB23-Wappen-VG-Fasenacht_freigestellt-600x743.png 600w, https:\/\/die-benserobber.de\/wp-content\/uploads\/2025\/05\/02_FEB23-Wappen-VG-Fasenacht_freigestellt-800x991.png 800w, https:\/\/die-benserobber.de\/wp-content\/uploads\/2025\/05\/02_FEB23-Wappen-VG-Fasenacht_freigestellt-1200x1486.png 1200w, https:\/\/die-benserobber.de\/wp-content\/uploads\/2025\/05\/02_FEB23-Wappen-VG-Fasenacht_freigestellt.png 1909w\" sizes=\"(max-width: 800px) 100vw, 827px\" \/><\/a><\/span><div class=\"fusion-text fusion-text-2\"><p>Mit dem Start der Faschingskampagne 2015\u00a0 erhielten die Faschingsvereine aus H\u00f6rdt, Kuhardt, Leimersheim und R\u00fclzheim vom Tourismusverein der Verbandsgemeinde angefertigte Werbemittel f\u00fcr die Faschingskampagne.<\/p>\n<p><a href=\"http:\/\/www.xn--ferienwohnung-heid-hrdt-rlc.de\/\">Ferienwohnung Heid<\/a><\/p>\n<p><a href=\"http:\/\/www.ruelzheim.de\/vg_ruelzheim\/homepage\/Ortsgemeinden\/H%C3%B6rdt\/\">H\u00f6rdt i. d. Pfalz<\/a><\/p>\n<p><img decoding=\"async\" src=\"http:\/\/kvh-benserobber.de\/themes\/haas\/images\/hoerdt_logo.jpg\" alt=\"\" \/><\/p>\n<\/div><div class=\"fusion-clearfix\"><\/div><\/div><\/div><\/div><\/div>\n","protected":false},"excerpt":{"rendered":"","protected":false},"author":1,"featured_media":0,"parent":0,"menu_order":0,"comment_status":"closed","ping_status":"closed","template":"","meta":{"footnotes":""},"class_list":["post-118","page","type-page","status-publish","hentry"],"_links":{"self":[{"href":"https:\/\/die-benserobber.de\/index.php\/wp-json\/wp\/v2\/pages\/118","targetHints":{"allow":["GET"]}}],"collection":[{"href":"https:\/\/die-benserobber.de\/index.php\/wp-json\/wp\/v2\/pages"}],"about":[{"href":"https:\/\/die-benserobber.de\/index.php\/wp-json\/wp\/v2\/types\/page"}],"author":[{"embeddable":true,"href":"https:\/\/die-benserobber.de\/index.php\/wp-json\/wp\/v2\/users\/1"}],"replies":[{"embeddable":true,"href":"https:\/\/die-benserobber.de\/index.php\/wp-json\/wp\/v2\/comments?post=118"}],"version-history":[{"count":6,"href":"https:\/\/die-benserobber.de\/index.php\/wp-json\/wp\/v2\/pages\/118\/revisions"}],"predecessor-version":[{"id":2239,"href":"https:\/\/die-benserobber.de\/index.php\/wp-json\/wp\/v2\/pages\/118\/revisions\/2239"}],"wp:attachment":[{"href":"https:\/\/die-benserobber.de\/index.php\/wp-json\/wp\/v2\/media?parent=118"}],"curies":[{"name":"wp","href":"https:\/\/api.w.org\/{rel}","templated":true}]}}